{"id":3162,"date":"2023-08-29T10:09:31","date_gmt":"2023-08-29T10:09:31","guid":{"rendered":"https:\/\/www.tvrzmladejovice.cz\/?page_id=3162"},"modified":"2023-11-11T12:46:48","modified_gmt":"2023-11-11T12:46:48","slug":"reconstruction-project-under-the-eea-funds","status":"publish","type":"page","link":"https:\/\/www.tvrzmladejovice.cz\/index.php\/en\/about-us\/reconstruction-project-under-the-eea-funds\/","title":{"rendered":"Reconstruction project under the EEA funds"},"content":{"rendered":"\t\t<div data-elementor-type=\"wp-page\" data-elementor-id=\"3162\" class=\"elementor elementor-3162\" data-elementor-post-type=\"page\">\n\t\t\t\t\t\t<section class=\"elementor-section elementor-top-section elementor-element elementor-element-0f7d576 elementor-section-boxed elementor-section-height-default elementor-section-height-default\" data-id=\"0f7d576\" data-element_type=\"section\" data-e-type=\"section\">\n\t\t\t\t\t\t<div class=\"elementor-container elementor-column-gap-default\">\n\t\t\t\t\t<div class=\"elementor-column elementor-col-100 elementor-top-column elementor-element elementor-element-c66fb6d\" data-id=\"c66fb6d\" data-element_type=\"column\" data-e-type=\"column\">\n\t\t\t<div class=\"elementor-widget-wrap elementor-element-populated\">\n\t\t\t\t\t\t<div class=\"elementor-element elementor-element-9e2b5b0 elementor-widget elementor-widget-text-editor\" data-id=\"9e2b5b0\" data-element_type=\"widget\" data-e-type=\"widget\" data-widget_type=\"text-editor.default\">\n\t\t\t\t<div class=\"elementor-widget-container\">\n\t\t\t\t\t\t\t\t\t<div><div><strong>Name of project: Rekonstrukce tvrze Mlad\u011bjovice<\/strong><\/div><div>\u00a0<\/div><div><strong>Number of project: KU-CH1-113<\/strong><\/div><div>\u00a0<\/div><\/div><div>Revitalization of the cultural monument of the Manor house and the former fortress in Mlad\u011bjovice consists of saving the monument from its irreversible damage due to poor condition. The monument has been neglected for many years and the current state requires an acute repair to preserve it. Object is currently inaccessible to the public.<\/div><p>The key activity is reconstruction of the interior of the cultural monument itself, including technical wiring and facilities to prevent its further damage. The facilities necessary for access to the monument and the implementation of cultural activities will be provided. Another important key activity is the revitalization of the monument and its permanent access to the general public in the form of individual visits, cultural\/social events. The output of all activities will be the prevention of the destruction of a monument and the irreversible loss of cultural value, its access, support of cultural development and promotion.<br \/>The overall goal is to save the property, its presentation and promotion, use by the public in cultural and other activities. The key will be the construction work itself, the acquisition of facilities and equipment necessary for the implementation of additional activities and the functioning of the monument, its accessibility to the public and support of cultural life in the region.<br \/>The project is aimed at the public, young people and the minorities, who will benefit from the project by making the monument accessible, many cultural activities will be organized, and jobs will be created for the disabled.<br \/>The project is implemented in partnership, which will bring the added value of organizing joint activities, whether cultural, educational or leisure, and in the help of promotion. A partnership with a donor entity will be established, which will help to implement, improve, financially manage and maintain the project on the basis of its experience and practi<span style=\"color: var( --e-global-color-text ); font-family: var( --e-global-typography-text-font-family ), Sans-serif; font-weight: var( --e-global-typography-text-font-weight );\">ce.<\/span><\/p>\t\t\t\t\t\t\t\t<\/div>\n\t\t\t\t<\/div>\n\t\t\t\t\t<\/div>\n\t\t<\/div>\n\t\t\t\t\t<\/div>\n\t\t<\/section>\n\t\t\t\t<section class=\"elementor-section elementor-top-section elementor-element elementor-element-7458c560 elementor-section-boxed elementor-section-height-default elementor-section-height-default\" data-id=\"7458c560\" data-element_type=\"section\" data-e-type=\"section\">\n\t\t\t\t\t\t<div class=\"elementor-container elementor-column-gap-default\">\n\t\t\t\t\t<div class=\"elementor-column elementor-col-100 elementor-top-column elementor-element elementor-element-71525ba2\" data-id=\"71525ba2\" data-element_type=\"column\" data-e-type=\"column\">\n\t\t\t<div class=\"elementor-widget-wrap elementor-element-populated\">\n\t\t\t\t\t\t<div class=\"elementor-element elementor-element-793efcac elementor-widget elementor-widget-text-editor\" data-id=\"793efcac\" data-element_type=\"widget\" data-e-type=\"widget\" data-widget_type=\"text-editor.default\">\n\t\t\t\t<div class=\"elementor-widget-container\">\n\t\t\t\t\t\t\t\t\t<p><strong>Supported by a grant from Iceland, Liechtenstein, and Norway through EEA funds<\/strong><\/p><p>Tthe overall goal of the project is to preserve a property, promote and showcase it, and make it available to the public for cultural and other activities.<\/p><p>The project aims to strengthen social and economic development through cultural collaboration, cultural entrepreneurship, and heritage management.<\/p>\t\t\t\t\t\t\t\t<\/div>\n\t\t\t\t<\/div>\n\t\t\t\t\t<\/div>\n\t\t<\/div>\n\t\t\t\t\t<\/div>\n\t\t<\/section>\n\t\t\t\t<section class=\"elementor-section elementor-top-section elementor-element elementor-element-6a5be10 elementor-section-boxed elementor-section-height-default elementor-section-height-default\" data-id=\"6a5be10\" data-element_type=\"section\" data-e-type=\"section\">\n\t\t\t\t\t\t<div class=\"elementor-container elementor-column-gap-default\">\n\t\t\t\t\t<div class=\"elementor-column elementor-col-100 elementor-top-column elementor-element elementor-element-b6da78c\" data-id=\"b6da78c\" data-element_type=\"column\" data-e-type=\"column\">\n\t\t\t<div class=\"elementor-widget-wrap elementor-element-populated\">\n\t\t\t\t\t\t<div class=\"elementor-element elementor-element-c9a2026 elementor-widget elementor-widget-text-editor\" data-id=\"c9a2026\" data-element_type=\"widget\" data-e-type=\"widget\" data-widget_type=\"text-editor.default\">\n\t\t\t\t<div class=\"elementor-widget-container\">\n\t\t\t\t\t\t\t\t\t<p><span style=\"color: #333366;\"><span style=\"background-color: #ffffff;\"><a style=\"background-color: #ffffff; color: #333366;\" href=\"https:\/\/www.eeagrants.cz\/cs\/programy\/kultura\"><img decoding=\"async\" class=\"aligncenter\" style=\"vertical-align: bottom;\" src=\"https:\/\/www.tvrzmladejovice.cz\/wp-content\/uploads\/2021\/06\/Snimek-z-2021-12-16-19-51-23-e1639681125604.png\" alt=\"\" width=\"114\" height=\"80\" \/><\/a><\/span><\/span><\/p><p><span style=\"color: #333366;\">\u00a0<\/span><a style=\"font-family: var( --e-global-typography-text-font-family ), Sans-serif; font-weight: var( --e-global-typography-text-font-weight ); font-size: 16px; font-style: italic; background-color: #ffffff;\" href=\"https:\/\/www.eeagrants.cz\/cs\/programy\/kultura\">https:\/\/www.eeagrants.cz\/cs\/programy\/kultura<\/a><\/p><p>Project implementer:\u00a0Civic Association &#8222;Ob\u010dansk\u00e9 sdru\u017een\u00ed pro z\u00e1chranu a konzervaci kulturn\u00ed pam\u00e1tky Pansk\u00fd dv\u016fr a b\u00fdval\u00e9 tvrze Mlad\u011bjovice&#8220;<\/p><figure style=\"background-color: #ffffff;\"><table style=\"width: 800px;\"><tbody><tr><td style=\"background-color: rgba(128, 128, 128, 0.07);\"><span style=\"font-weight: bolder;\">Overall budget<\/span><\/td><td style=\"background-color: rgba(128, 128, 128, 0.07);\"><span style=\"font-weight: bolder;\">22 947 913 K\u010d<\/span><\/td><\/tr><tr><td>implementer<\/td><td>2 294 791 K\u010d<\/td><\/tr><tr><td style=\"background-color: rgba(128, 128, 128, 0.07);\">grant EEA<\/td><td style=\"background-color: rgba(128, 128, 128, 0.07);\">20 653 122 K\u010d<\/td><\/tr><\/tbody><\/table><p>Start date: April 2021<\/p><p>Expected completion date: April 2024<\/p><\/figure>\t\t\t\t\t\t\t\t<\/div>\n\t\t\t\t<\/div>\n\t\t\t\t\t<\/div>\n\t\t<\/div>\n\t\t\t\t\t<\/div>\n\t\t<\/section>\n\t\t\t\t<\/div>\n\t\t","protected":false},"excerpt":{"rendered":"<p>Name of project: Rekonstrukce tvrze Mlad\u011bjovice\u00a0Number of project: KU-CH1-113\u00a0Revitalization of the cultural monument of the Manor house and the former fortress in Mlad\u011bjovice consists of saving the monument from its irreversible damage due to poor condition. The monument has been neglected for many years and the current state requires an acute repair to preserve it. [&hellip;]<\/p>\n","protected":false},"author":2,"featured_media":0,"parent":340,"menu_order":0,"comment_status":"closed","ping_status":"closed","template":"","meta":{"iawp_total_views":20,"footnotes":""},"class_list":["post-3162","page","type-page","status-publish","hentry"],"yoast_head":"<!-- This site is optimized with the Yoast SEO plugin v27.5 - https:\/\/yoast.com\/product\/yoast-seo-wordpress\/ -->\n<title>Reconstruction project under the EEA funds<\/title>\n<meta name=\"description\" content=\"EEA funds help us save a historic monument\" \/>\n<meta name=\"robots\" content=\"index, follow, max-snippet:-1, max-image-preview:large, max-video-preview:-1\" \/>\n<link rel=\"canonical\" href=\"https:\/\/www.tvrzmladejovice.cz\/index.php\/en\/about-us\/reconstruction-project-under-the-eea-funds\/\" \/>\n<meta property=\"og:locale\" content=\"cs_CZ\" \/>\n<meta property=\"og:type\" content=\"article\" \/>\n<meta property=\"og:title\" content=\"Reconstruction project under the EEA funds\" \/>\n<meta property=\"og:description\" content=\"EEA funds help us save a historic monument\" \/>\n<meta property=\"og:url\" content=\"https:\/\/www.tvrzmladejovice.cz\/index.php\/en\/about-us\/reconstruction-project-under-the-eea-funds\/\" \/>\n<meta property=\"og:site_name\" content=\"Mlad\u011bjovice Mansion\" \/>\n<meta property=\"article:modified_time\" content=\"2023-11-11T12:46:48+00:00\" \/>\n<meta property=\"og:image\" content=\"https:\/\/www.tvrzmladejovice.cz\/wp-content\/uploads\/2021\/06\/Snimek-z-2021-12-16-19-51-23-e1639681125604.png\" \/>\n<meta name=\"twitter:card\" content=\"summary_large_image\" \/>\n<meta name=\"twitter:label1\" content=\"Odhadovan\u00e1 doba \u010dten\u00ed\" \/>\n\t<meta name=\"twitter:data1\" content=\"2 minuty\" \/>\n<script type=\"application\/ld+json\" class=\"yoast-schema-graph\">{\"@context\":\"https:\\\/\\\/schema.org\",\"@graph\":[{\"@type\":\"WebPage\",\"@id\":\"https:\\\/\\\/www.tvrzmladejovice.cz\\\/index.php\\\/en\\\/about-us\\\/reconstruction-project-under-the-eea-funds\\\/\",\"url\":\"https:\\\/\\\/www.tvrzmladejovice.cz\\\/index.php\\\/en\\\/about-us\\\/reconstruction-project-under-the-eea-funds\\\/\",\"name\":\"Reconstruction project under the EEA funds\",\"isPartOf\":{\"@id\":\"https:\\\/\\\/www.tvrzmladejovice.cz\\\/#website\"},\"primaryImageOfPage\":{\"@id\":\"https:\\\/\\\/www.tvrzmladejovice.cz\\\/index.php\\\/en\\\/about-us\\\/reconstruction-project-under-the-eea-funds\\\/#primaryimage\"},\"image\":{\"@id\":\"https:\\\/\\\/www.tvrzmladejovice.cz\\\/index.php\\\/en\\\/about-us\\\/reconstruction-project-under-the-eea-funds\\\/#primaryimage\"},\"thumbnailUrl\":\"https:\\\/\\\/www.tvrzmladejovice.cz\\\/wp-content\\\/uploads\\\/2021\\\/06\\\/Snimek-z-2021-12-16-19-51-23-e1639681125604.png\",\"datePublished\":\"2023-08-29T10:09:31+00:00\",\"dateModified\":\"2023-11-11T12:46:48+00:00\",\"description\":\"EEA funds help us save a historic monument\",\"breadcrumb\":{\"@id\":\"https:\\\/\\\/www.tvrzmladejovice.cz\\\/index.php\\\/en\\\/about-us\\\/reconstruction-project-under-the-eea-funds\\\/#breadcrumb\"},\"inLanguage\":\"cs\",\"potentialAction\":[{\"@type\":\"ReadAction\",\"target\":[\"https:\\\/\\\/www.tvrzmladejovice.cz\\\/index.php\\\/en\\\/about-us\\\/reconstruction-project-under-the-eea-funds\\\/\"]}]},{\"@type\":\"ImageObject\",\"inLanguage\":\"cs\",\"@id\":\"https:\\\/\\\/www.tvrzmladejovice.cz\\\/index.php\\\/en\\\/about-us\\\/reconstruction-project-under-the-eea-funds\\\/#primaryimage\",\"url\":\"https:\\\/\\\/www.tvrzmladejovice.cz\\\/wp-content\\\/uploads\\\/2021\\\/06\\\/Snimek-z-2021-12-16-19-51-23-e1639681125604.png\",\"contentUrl\":\"https:\\\/\\\/www.tvrzmladejovice.cz\\\/wp-content\\\/uploads\\\/2021\\\/06\\\/Snimek-z-2021-12-16-19-51-23-e1639681125604.png\",\"width\":114,\"height\":80},{\"@type\":\"BreadcrumbList\",\"@id\":\"https:\\\/\\\/www.tvrzmladejovice.cz\\\/index.php\\\/en\\\/about-us\\\/reconstruction-project-under-the-eea-funds\\\/#breadcrumb\",\"itemListElement\":[{\"@type\":\"ListItem\",\"position\":1,\"name\":\"Dom\u016f\",\"item\":\"https:\\\/\\\/www.tvrzmladejovice.cz\\\/\"},{\"@type\":\"ListItem\",\"position\":2,\"name\":\"About us\",\"item\":\"https:\\\/\\\/www.tvrzmladejovice.cz\\\/index.php\\\/en\\\/about-us\\\/\"},{\"@type\":\"ListItem\",\"position\":3,\"name\":\"Reconstruction project under the EEA funds\"}]},{\"@type\":\"WebSite\",\"@id\":\"https:\\\/\\\/www.tvrzmladejovice.cz\\\/#website\",\"url\":\"https:\\\/\\\/www.tvrzmladejovice.cz\\\/\",\"name\":\"Mlad\u011bjovice Mansion\",\"description\":\"Historie a sou\u010dasnost pozdn\u011b gotick\u00e9ho s\u00eddla\",\"publisher\":{\"@id\":\"https:\\\/\\\/www.tvrzmladejovice.cz\\\/#organization\"},\"potentialAction\":[{\"@type\":\"SearchAction\",\"target\":{\"@type\":\"EntryPoint\",\"urlTemplate\":\"https:\\\/\\\/www.tvrzmladejovice.cz\\\/?s={search_term_string}\"},\"query-input\":{\"@type\":\"PropertyValueSpecification\",\"valueRequired\":true,\"valueName\":\"search_term_string\"}}],\"inLanguage\":\"cs\"},{\"@type\":\"Organization\",\"@id\":\"https:\\\/\\\/www.tvrzmladejovice.cz\\\/#organization\",\"name\":\"Mlad\u011bjovice Mansion\",\"url\":\"https:\\\/\\\/www.tvrzmladejovice.cz\\\/\",\"logo\":{\"@type\":\"ImageObject\",\"inLanguage\":\"cs\",\"@id\":\"https:\\\/\\\/www.tvrzmladejovice.cz\\\/#\\\/schema\\\/logo\\\/image\\\/\",\"url\":\"https:\\\/\\\/www.tvrzmladejovice.cz\\\/wp-content\\\/uploads\\\/2023\\\/04\\\/znak_barva.png\",\"contentUrl\":\"https:\\\/\\\/www.tvrzmladejovice.cz\\\/wp-content\\\/uploads\\\/2023\\\/04\\\/znak_barva.png\",\"width\":1257,\"height\":1635,\"caption\":\"Mlad\u011bjovice Mansion\"},\"image\":{\"@id\":\"https:\\\/\\\/www.tvrzmladejovice.cz\\\/#\\\/schema\\\/logo\\\/image\\\/\"}}]}<\/script>\n<!-- \/ Yoast SEO plugin. -->","yoast_head_json":{"title":"Reconstruction project under the EEA funds","description":"EEA funds help us save a historic monument","robots":{"index":"index","follow":"follow","max-snippet":"max-snippet:-1","max-image-preview":"max-image-preview:large","max-video-preview":"max-video-preview:-1"},"canonical":"https:\/\/www.tvrzmladejovice.cz\/index.php\/en\/about-us\/reconstruction-project-under-the-eea-funds\/","og_locale":"cs_CZ","og_type":"article","og_title":"Reconstruction project under the EEA funds","og_description":"EEA funds help us save a historic monument","og_url":"https:\/\/www.tvrzmladejovice.cz\/index.php\/en\/about-us\/reconstruction-project-under-the-eea-funds\/","og_site_name":"Mlad\u011bjovice Mansion","article_modified_time":"2023-11-11T12:46:48+00:00","og_image":[{"url":"https:\/\/www.tvrzmladejovice.cz\/wp-content\/uploads\/2021\/06\/Snimek-z-2021-12-16-19-51-23-e1639681125604.png","type":"","width":"","height":""}],"twitter_card":"summary_large_image","twitter_misc":{"Odhadovan\u00e1 doba \u010dten\u00ed":"2 minuty"},"schema":{"@context":"https:\/\/schema.org","@graph":[{"@type":"WebPage","@id":"https:\/\/www.tvrzmladejovice.cz\/index.php\/en\/about-us\/reconstruction-project-under-the-eea-funds\/","url":"https:\/\/www.tvrzmladejovice.cz\/index.php\/en\/about-us\/reconstruction-project-under-the-eea-funds\/","name":"Reconstruction project under the EEA funds","isPartOf":{"@id":"https:\/\/www.tvrzmladejovice.cz\/#website"},"primaryImageOfPage":{"@id":"https:\/\/www.tvrzmladejovice.cz\/index.php\/en\/about-us\/reconstruction-project-under-the-eea-funds\/#primaryimage"},"image":{"@id":"https:\/\/www.tvrzmladejovice.cz\/index.php\/en\/about-us\/reconstruction-project-under-the-eea-funds\/#primaryimage"},"thumbnailUrl":"https:\/\/www.tvrzmladejovice.cz\/wp-content\/uploads\/2021\/06\/Snimek-z-2021-12-16-19-51-23-e1639681125604.png","datePublished":"2023-08-29T10:09:31+00:00","dateModified":"2023-11-11T12:46:48+00:00","description":"EEA funds help us save a historic monument","breadcrumb":{"@id":"https:\/\/www.tvrzmladejovice.cz\/index.php\/en\/about-us\/reconstruction-project-under-the-eea-funds\/#breadcrumb"},"inLanguage":"cs","potentialAction":[{"@type":"ReadAction","target":["https:\/\/www.tvrzmladejovice.cz\/index.php\/en\/about-us\/reconstruction-project-under-the-eea-funds\/"]}]},{"@type":"ImageObject","inLanguage":"cs","@id":"https:\/\/www.tvrzmladejovice.cz\/index.php\/en\/about-us\/reconstruction-project-under-the-eea-funds\/#primaryimage","url":"https:\/\/www.tvrzmladejovice.cz\/wp-content\/uploads\/2021\/06\/Snimek-z-2021-12-16-19-51-23-e1639681125604.png","contentUrl":"https:\/\/www.tvrzmladejovice.cz\/wp-content\/uploads\/2021\/06\/Snimek-z-2021-12-16-19-51-23-e1639681125604.png","width":114,"height":80},{"@type":"BreadcrumbList","@id":"https:\/\/www.tvrzmladejovice.cz\/index.php\/en\/about-us\/reconstruction-project-under-the-eea-funds\/#breadcrumb","itemListElement":[{"@type":"ListItem","position":1,"name":"Dom\u016f","item":"https:\/\/www.tvrzmladejovice.cz\/"},{"@type":"ListItem","position":2,"name":"About us","item":"https:\/\/www.tvrzmladejovice.cz\/index.php\/en\/about-us\/"},{"@type":"ListItem","position":3,"name":"Reconstruction project under the EEA funds"}]},{"@type":"WebSite","@id":"https:\/\/www.tvrzmladejovice.cz\/#website","url":"https:\/\/www.tvrzmladejovice.cz\/","name":"Mlad\u011bjovice Mansion","description":"Historie a sou\u010dasnost pozdn\u011b gotick\u00e9ho s\u00eddla","publisher":{"@id":"https:\/\/www.tvrzmladejovice.cz\/#organization"},"potentialAction":[{"@type":"SearchAction","target":{"@type":"EntryPoint","urlTemplate":"https:\/\/www.tvrzmladejovice.cz\/?s={search_term_string}"},"query-input":{"@type":"PropertyValueSpecification","valueRequired":true,"valueName":"search_term_string"}}],"inLanguage":"cs"},{"@type":"Organization","@id":"https:\/\/www.tvrzmladejovice.cz\/#organization","name":"Mlad\u011bjovice Mansion","url":"https:\/\/www.tvrzmladejovice.cz\/","logo":{"@type":"ImageObject","inLanguage":"cs","@id":"https:\/\/www.tvrzmladejovice.cz\/#\/schema\/logo\/image\/","url":"https:\/\/www.tvrzmladejovice.cz\/wp-content\/uploads\/2023\/04\/znak_barva.png","contentUrl":"https:\/\/www.tvrzmladejovice.cz\/wp-content\/uploads\/2023\/04\/znak_barva.png","width":1257,"height":1635,"caption":"Mlad\u011bjovice Mansion"},"image":{"@id":"https:\/\/www.tvrzmladejovice.cz\/#\/schema\/logo\/image\/"}}]}},"_links":{"self":[{"href":"https:\/\/www.tvrzmladejovice.cz\/index.php\/wp-json\/wp\/v2\/pages\/3162","targetHints":{"allow":["GET"]}}],"collection":[{"href":"https:\/\/www.tvrzmladejovice.cz\/index.php\/wp-json\/wp\/v2\/pages"}],"about":[{"href":"https:\/\/www.tvrzmladejovice.cz\/index.php\/wp-json\/wp\/v2\/types\/page"}],"author":[{"embeddable":true,"href":"https:\/\/www.tvrzmladejovice.cz\/index.php\/wp-json\/wp\/v2\/users\/2"}],"replies":[{"embeddable":true,"href":"https:\/\/www.tvrzmladejovice.cz\/index.php\/wp-json\/wp\/v2\/comments?post=3162"}],"version-history":[{"count":8,"href":"https:\/\/www.tvrzmladejovice.cz\/index.php\/wp-json\/wp\/v2\/pages\/3162\/revisions"}],"predecessor-version":[{"id":3322,"href":"https:\/\/www.tvrzmladejovice.cz\/index.php\/wp-json\/wp\/v2\/pages\/3162\/revisions\/3322"}],"up":[{"embeddable":true,"href":"https:\/\/www.tvrzmladejovice.cz\/index.php\/wp-json\/wp\/v2\/pages\/340"}],"wp:attachment":[{"href":"https:\/\/www.tvrzmladejovice.cz\/index.php\/wp-json\/wp\/v2\/media?parent=3162"}],"curies":[{"name":"wp","href":"https:\/\/api.w.org\/{rel}","templated":true}]}}