{"id":456,"date":"2021-11-10T14:51:00","date_gmt":"2021-11-10T14:51:00","guid":{"rendered":"https:\/\/www.tvrzmladejovice.cz\/?page_id=456"},"modified":"2023-05-01T19:45:46","modified_gmt":"2023-05-01T19:45:46","slug":"verejne-zakazky","status":"publish","type":"page","link":"https:\/\/www.tvrzmladejovice.cz\/index.php\/o-nas\/verejne-zakazky\/","title":{"rendered":"Ve\u0159ejn\u00e9 zak\u00e1zky"},"content":{"rendered":"\t\t<div data-elementor-type=\"wp-page\" data-elementor-id=\"456\" class=\"elementor elementor-456\" data-elementor-post-type=\"page\">\n\t\t\t\t\t\t<section class=\"elementor-section elementor-top-section elementor-element elementor-element-0b8a6d9 elementor-section-boxed elementor-section-height-default elementor-section-height-default\" data-id=\"0b8a6d9\" data-element_type=\"section\" data-e-type=\"section\">\n\t\t\t\t\t\t<div class=\"elementor-container elementor-column-gap-default\">\n\t\t\t\t\t<div class=\"elementor-column elementor-col-100 elementor-top-column elementor-element elementor-element-067bbeb\" data-id=\"067bbeb\" data-element_type=\"column\" data-e-type=\"column\">\n\t\t\t<div class=\"elementor-widget-wrap elementor-element-populated\">\n\t\t\t\t\t\t<div class=\"elementor-element elementor-element-a21c866 elementor-widget elementor-widget-posts\" data-id=\"a21c866\" data-element_type=\"widget\" data-e-type=\"widget\" data-settings=\"{&quot;pagination_type&quot;:&quot;numbers&quot;,&quot;full_content_row_gap&quot;:{&quot;unit&quot;:&quot;px&quot;,&quot;size&quot;:35,&quot;sizes&quot;:[]}}\" data-widget_type=\"posts.full_content\">\n\t\t\t\t<div class=\"elementor-widget-container\">\n\t\t\t\t\t\t\t<div class=\"elementor-posts-container elementor-posts elementor-posts--skin-full_content elementor-grid\" role=\"list\">\n\t\t\t\t<article class=\"elementor-post elementor-grid-item post-476 post type-post status-publish format-standard has-post-thumbnail hentry category-verejne-zakazky\" role=\"listitem\">\n\t\t\t\t<div class=\"elementor-post__text\">\n\t\t\t\t<h3 class=\"elementor-post__title\">\n\t\t\t<a href=\"https:\/\/www.tvrzmladejovice.cz\/index.php\/2021\/11\/10\/verejna-zakazka-na-nakup-automobilu\/\" >\n\t\t\t\tVe\u0159ejn\u00e1 zak\u00e1zka na n\u00e1kup automobilu\t\t\t<\/a>\n\t\t<\/h3>\n\t\t\t\t<div class=\"elementor-post__meta-data\">\n\t\t\t\t\t<span class=\"elementor-post-date\">\n\t\t\t10 listopadu, 2021\t\t<\/span>\n\t\t\t\t<span class=\"elementor-post-avatar\">\n\t\t\t\u017d\u00e1dn\u00e9 koment\u00e1\u0159e\t\t<\/span>\n\t\t\t\t<\/div>\n\t\t\n<p><em>P\u0159edm\u011btem pln\u011bn\u00ed je dod\u00e1vka nov\u00e9ho nebo z\u00e1novn\u00edho osobn\u00edho automobilu do 3,5 t, ur\u010den\u00e9ho k p\u0159eprav\u011b osob.<\/em><\/p>\n\n\n\n<p>Ob\u010dansk\u00e9 sdru\u017een\u00ed pro z\u00e1chranu a konzervaci kulturn\u00ed pam\u00e1tky Pansk\u00fd dv\u016fr a b\u00fdval\u00e9 tvrze Mlad\u011bjovice pod\u00e1v\u00e1 v\u00fdzvu k pod\u00e1n\u00ed nab\u00eddek.<\/p>\n\n\n\n<p>Zak\u00e1zka je pod\u00e1van\u00e1 jako ve\u0159ejn\u00e1 zak\u00e1zka mal\u00e9ho rozsahu &#8222;Po\u0159\u00edzen\u00ed automobilu&#8220;.<\/p>\n\n\n\n<p>Na z\u00e1klad\u011b t\u00e9to Ve\u0159ejn\u00e9 zak\u00e1zky dojde k uzav\u0159en\u00ed kupn\u00ed smlouvy na pln\u011bn\u00ed Ve\u0159ejn\u00e9 zak\u00e1zky s<br>jedn\u00edm vybran\u00fdm dodavatelem, na jej\u00edm\u017e z\u00e1klad\u011b bude dod\u00e1vka pro zadavatele poskytnuta.<br>Vozidlo bude slou\u017eit pro dopravu osob na kulturn\u00ed a spole\u010densk\u00e9 akce po\u0159\u00e1dan\u00e9 zadavatelem, stejn\u011b<br>tak jako pro vlastn\u00ed pot\u0159eby zadavatele (doprava zam\u011bstnanc\u016f, spolupracuj\u00edc\u00edch osob apod.).<\/p>\n\n\n\n<p><a href=\"https:\/\/www.tvrzmladejovice.cz\/wp-content\/uploads\/2021\/11\/Vyzva-vcetne-ZD-sign.pdf\">V\u00fdzva k pod\u00e1n\u00ed nab\u00eddek (v\u010detn\u011b zad\u00e1vac\u00ed dokumentace)<\/a> &#8211; (PDF) <\/p>\n\n\n\n<p>P\u0159\u00edloha \u010d. 1 &#8211; <a href=\"https:\/\/www.tvrzmladejovice.cz\/wp-content\/uploads\/2021\/11\/Priloha-c.-1-Cestne-prohlaseni.docx\">\u010cestn\u00e9 prohl\u00e1\u0161en\u00ed<\/a> (DOCX)<br>P\u0159\u00edloha \u010d. 2 &#8211; <a href=\"https:\/\/www.tvrzmladejovice.cz\/wp-content\/uploads\/2021\/11\/Priloha-c.-2-Predloha-smlouvy.docx\">P\u0159edloha smlouvy<\/a> (DOCX)<br>P\u0159\u00edloha \u010d. 3 &#8211; <a href=\"https:\/\/www.tvrzmladejovice.cz\/wp-content\/uploads\/2021\/11\/Priloha-c.-3-Specifikace-vybavy-vozidla.xlsx\">Specifikace v\u00fdbavy vozidla<\/a> (XLSX)<br>P\u0159\u00edloha \u010d. 4 &#8211; <a href=\"https:\/\/www.tvrzmladejovice.cz\/wp-content\/uploads\/2021\/11\/Priloha-c.-4-Kryci-list.xlsx\">Kryc\u00ed list<\/a> (XLSX)<\/p>\n\t\t<\/div>\n\t\t\t\t<\/article>\n\t\t\t\t<\/div>\n\t\t\n\t\t\t\t\t\t<\/div>\n\t\t\t\t<\/div>\n\t\t\t\t\t<\/div>\n\t\t<\/div>\n\t\t\t\t\t<\/div>\n\t\t<\/section>\n\t\t\t\t<\/div>\n\t\t","protected":false},"excerpt":{"rendered":"","protected":false},"author":2,"featured_media":0,"parent":108,"menu_order":0,"comment_status":"closed","ping_status":"closed","template":"","meta":{"iawp_total_views":65,"footnotes":""},"class_list":["post-456","page","type-page","status-publish","hentry"],"yoast_head":"<!-- This site is optimized with the Yoast SEO plugin v27.4 - https:\/\/yoast.com\/product\/yoast-seo-wordpress\/ -->\n<title>Ve\u0159ejn\u00e9 zak\u00e1zky - Mlad\u011bjovice Mansion<\/title>\n<meta name=\"robots\" content=\"index, follow, max-snippet:-1, max-image-preview:large, max-video-preview:-1\" \/>\n<link rel=\"canonical\" href=\"https:\/\/www.tvrzmladejovice.cz\/index.php\/o-nas\/verejne-zakazky\/\" \/>\n<meta property=\"og:locale\" content=\"cs_CZ\" \/>\n<meta property=\"og:type\" content=\"article\" \/>\n<meta property=\"og:title\" content=\"Ve\u0159ejn\u00e9 zak\u00e1zky - Mlad\u011bjovice Mansion\" \/>\n<meta property=\"og:url\" content=\"https:\/\/www.tvrzmladejovice.cz\/index.php\/o-nas\/verejne-zakazky\/\" \/>\n<meta property=\"og:site_name\" content=\"Mlad\u011bjovice Mansion\" \/>\n<meta property=\"article:modified_time\" content=\"2023-05-01T19:45:46+00:00\" \/>\n<meta name=\"twitter:card\" content=\"summary_large_image\" \/>\n<meta name=\"twitter:label1\" content=\"Odhadovan\u00e1 doba \u010dten\u00ed\" \/>\n\t<meta name=\"twitter:data1\" content=\"1 minuta\" \/>\n<script type=\"application\/ld+json\" class=\"yoast-schema-graph\">{\"@context\":\"https:\\\/\\\/schema.org\",\"@graph\":[{\"@type\":\"WebPage\",\"@id\":\"https:\\\/\\\/www.tvrzmladejovice.cz\\\/index.php\\\/o-nas\\\/verejne-zakazky\\\/\",\"url\":\"https:\\\/\\\/www.tvrzmladejovice.cz\\\/index.php\\\/o-nas\\\/verejne-zakazky\\\/\",\"name\":\"Ve\u0159ejn\u00e9 zak\u00e1zky - Mlad\u011bjovice Mansion\",\"isPartOf\":{\"@id\":\"https:\\\/\\\/www.tvrzmladejovice.cz\\\/#website\"},\"datePublished\":\"2021-11-10T14:51:00+00:00\",\"dateModified\":\"2023-05-01T19:45:46+00:00\",\"breadcrumb\":{\"@id\":\"https:\\\/\\\/www.tvrzmladejovice.cz\\\/index.php\\\/o-nas\\\/verejne-zakazky\\\/#breadcrumb\"},\"inLanguage\":\"cs\",\"potentialAction\":[{\"@type\":\"ReadAction\",\"target\":[\"https:\\\/\\\/www.tvrzmladejovice.cz\\\/index.php\\\/o-nas\\\/verejne-zakazky\\\/\"]}]},{\"@type\":\"BreadcrumbList\",\"@id\":\"https:\\\/\\\/www.tvrzmladejovice.cz\\\/index.php\\\/o-nas\\\/verejne-zakazky\\\/#breadcrumb\",\"itemListElement\":[{\"@type\":\"ListItem\",\"position\":1,\"name\":\"Dom\u016f\",\"item\":\"https:\\\/\\\/www.tvrzmladejovice.cz\\\/\"},{\"@type\":\"ListItem\",\"position\":2,\"name\":\"O n\u00e1s\",\"item\":\"https:\\\/\\\/www.tvrzmladejovice.cz\\\/index.php\\\/o-nas\\\/\"},{\"@type\":\"ListItem\",\"position\":3,\"name\":\"Ve\u0159ejn\u00e9 zak\u00e1zky\"}]},{\"@type\":\"WebSite\",\"@id\":\"https:\\\/\\\/www.tvrzmladejovice.cz\\\/#website\",\"url\":\"https:\\\/\\\/www.tvrzmladejovice.cz\\\/\",\"name\":\"Mlad\u011bjovice Mansion\",\"description\":\"Historie a sou\u010dasnost pozdn\u011b gotick\u00e9ho s\u00eddla\",\"publisher\":{\"@id\":\"https:\\\/\\\/www.tvrzmladejovice.cz\\\/#organization\"},\"potentialAction\":[{\"@type\":\"SearchAction\",\"target\":{\"@type\":\"EntryPoint\",\"urlTemplate\":\"https:\\\/\\\/www.tvrzmladejovice.cz\\\/?s={search_term_string}\"},\"query-input\":{\"@type\":\"PropertyValueSpecification\",\"valueRequired\":true,\"valueName\":\"search_term_string\"}}],\"inLanguage\":\"cs\"},{\"@type\":\"Organization\",\"@id\":\"https:\\\/\\\/www.tvrzmladejovice.cz\\\/#organization\",\"name\":\"Mlad\u011bjovice Mansion\",\"url\":\"https:\\\/\\\/www.tvrzmladejovice.cz\\\/\",\"logo\":{\"@type\":\"ImageObject\",\"inLanguage\":\"cs\",\"@id\":\"https:\\\/\\\/www.tvrzmladejovice.cz\\\/#\\\/schema\\\/logo\\\/image\\\/\",\"url\":\"https:\\\/\\\/www.tvrzmladejovice.cz\\\/wp-content\\\/uploads\\\/2023\\\/04\\\/znak_barva.png\",\"contentUrl\":\"https:\\\/\\\/www.tvrzmladejovice.cz\\\/wp-content\\\/uploads\\\/2023\\\/04\\\/znak_barva.png\",\"width\":1257,\"height\":1635,\"caption\":\"Mlad\u011bjovice Mansion\"},\"image\":{\"@id\":\"https:\\\/\\\/www.tvrzmladejovice.cz\\\/#\\\/schema\\\/logo\\\/image\\\/\"}}]}<\/script>\n<!-- \/ Yoast SEO plugin. -->","yoast_head_json":{"title":"Ve\u0159ejn\u00e9 zak\u00e1zky - Mlad\u011bjovice Mansion","robots":{"index":"index","follow":"follow","max-snippet":"max-snippet:-1","max-image-preview":"max-image-preview:large","max-video-preview":"max-video-preview:-1"},"canonical":"https:\/\/www.tvrzmladejovice.cz\/index.php\/o-nas\/verejne-zakazky\/","og_locale":"cs_CZ","og_type":"article","og_title":"Ve\u0159ejn\u00e9 zak\u00e1zky - Mlad\u011bjovice Mansion","og_url":"https:\/\/www.tvrzmladejovice.cz\/index.php\/o-nas\/verejne-zakazky\/","og_site_name":"Mlad\u011bjovice Mansion","article_modified_time":"2023-05-01T19:45:46+00:00","twitter_card":"summary_large_image","twitter_misc":{"Odhadovan\u00e1 doba \u010dten\u00ed":"1 minuta"},"schema":{"@context":"https:\/\/schema.org","@graph":[{"@type":"WebPage","@id":"https:\/\/www.tvrzmladejovice.cz\/index.php\/o-nas\/verejne-zakazky\/","url":"https:\/\/www.tvrzmladejovice.cz\/index.php\/o-nas\/verejne-zakazky\/","name":"Ve\u0159ejn\u00e9 zak\u00e1zky - Mlad\u011bjovice Mansion","isPartOf":{"@id":"https:\/\/www.tvrzmladejovice.cz\/#website"},"datePublished":"2021-11-10T14:51:00+00:00","dateModified":"2023-05-01T19:45:46+00:00","breadcrumb":{"@id":"https:\/\/www.tvrzmladejovice.cz\/index.php\/o-nas\/verejne-zakazky\/#breadcrumb"},"inLanguage":"cs","potentialAction":[{"@type":"ReadAction","target":["https:\/\/www.tvrzmladejovice.cz\/index.php\/o-nas\/verejne-zakazky\/"]}]},{"@type":"BreadcrumbList","@id":"https:\/\/www.tvrzmladejovice.cz\/index.php\/o-nas\/verejne-zakazky\/#breadcrumb","itemListElement":[{"@type":"ListItem","position":1,"name":"Dom\u016f","item":"https:\/\/www.tvrzmladejovice.cz\/"},{"@type":"ListItem","position":2,"name":"O n\u00e1s","item":"https:\/\/www.tvrzmladejovice.cz\/index.php\/o-nas\/"},{"@type":"ListItem","position":3,"name":"Ve\u0159ejn\u00e9 zak\u00e1zky"}]},{"@type":"WebSite","@id":"https:\/\/www.tvrzmladejovice.cz\/#website","url":"https:\/\/www.tvrzmladejovice.cz\/","name":"Mlad\u011bjovice Mansion","description":"Historie a sou\u010dasnost pozdn\u011b gotick\u00e9ho s\u00eddla","publisher":{"@id":"https:\/\/www.tvrzmladejovice.cz\/#organization"},"potentialAction":[{"@type":"SearchAction","target":{"@type":"EntryPoint","urlTemplate":"https:\/\/www.tvrzmladejovice.cz\/?s={search_term_string}"},"query-input":{"@type":"PropertyValueSpecification","valueRequired":true,"valueName":"search_term_string"}}],"inLanguage":"cs"},{"@type":"Organization","@id":"https:\/\/www.tvrzmladejovice.cz\/#organization","name":"Mlad\u011bjovice Mansion","url":"https:\/\/www.tvrzmladejovice.cz\/","logo":{"@type":"ImageObject","inLanguage":"cs","@id":"https:\/\/www.tvrzmladejovice.cz\/#\/schema\/logo\/image\/","url":"https:\/\/www.tvrzmladejovice.cz\/wp-content\/uploads\/2023\/04\/znak_barva.png","contentUrl":"https:\/\/www.tvrzmladejovice.cz\/wp-content\/uploads\/2023\/04\/znak_barva.png","width":1257,"height":1635,"caption":"Mlad\u011bjovice Mansion"},"image":{"@id":"https:\/\/www.tvrzmladejovice.cz\/#\/schema\/logo\/image\/"}}]}},"_links":{"self":[{"href":"https:\/\/www.tvrzmladejovice.cz\/index.php\/wp-json\/wp\/v2\/pages\/456","targetHints":{"allow":["GET"]}}],"collection":[{"href":"https:\/\/www.tvrzmladejovice.cz\/index.php\/wp-json\/wp\/v2\/pages"}],"about":[{"href":"https:\/\/www.tvrzmladejovice.cz\/index.php\/wp-json\/wp\/v2\/types\/page"}],"author":[{"embeddable":true,"href":"https:\/\/www.tvrzmladejovice.cz\/index.php\/wp-json\/wp\/v2\/users\/2"}],"replies":[{"embeddable":true,"href":"https:\/\/www.tvrzmladejovice.cz\/index.php\/wp-json\/wp\/v2\/comments?post=456"}],"version-history":[{"count":5,"href":"https:\/\/www.tvrzmladejovice.cz\/index.php\/wp-json\/wp\/v2\/pages\/456\/revisions"}],"predecessor-version":[{"id":2547,"href":"https:\/\/www.tvrzmladejovice.cz\/index.php\/wp-json\/wp\/v2\/pages\/456\/revisions\/2547"}],"up":[{"embeddable":true,"href":"https:\/\/www.tvrzmladejovice.cz\/index.php\/wp-json\/wp\/v2\/pages\/108"}],"wp:attachment":[{"href":"https:\/\/www.tvrzmladejovice.cz\/index.php\/wp-json\/wp\/v2\/media?parent=456"}],"curies":[{"name":"wp","href":"https:\/\/api.w.org\/{rel}","templated":true}]}}